{"id":1071,"date":"2024-01-22T08:22:42","date_gmt":"2024-01-22T08:22:42","guid":{"rendered":"https:\/\/smultron.software\/privacy-policy\/"},"modified":"2024-05-09T12:56:35","modified_gmt":"2024-05-09T12:56:35","slug":"polityka-prywatnosci","status":"publish","type":"page","link":"https:\/\/smultron.software\/pl\/polityka-prywatnosci","title":{"rendered":"Polityka prywatno\u015bci"},"content":{"rendered":"\n<h2 class=\"wp-block-heading\">Polityka prywatno\u015bci<\/h2>\n\n\n\n<p>Wprowadzenie<\/p>\n\n\n\n<p>W \u015bwietle przepis\u00f3w dotycz\u0105cych ochrony danych osobowych firma: SMULTRON sp. z o.o. z siedzib\u0105 w Krakowie (dalej: SMULTRON) jest administratorem Twoich danych osobowych. Oznacza to, i\u017c wszelkie Twoje dane osobowe uzyskane w zwi\u0105zku z zawarciem umowy lub w trakcie jej trwania winny by\u0107 przez nas wykorzystane w spos\u00f3b bezpieczny, zgodny z umow\u0105 oraz obowi\u0105zuj\u0105cymi przepisami.<\/p>\n\n\n\n<p>Dlatego, chc\u0105c zachowa\u0107 wysokie standardy przetwarzania Twoich danych osobowych i staraj\u0105c si\u0119 w tym celu podejmowa\u0107 najdalsze kroki, pragniemy przekaza\u0107 najwa\u017cniejsze informacje dotycz\u0105ce przetwarzania danych osobowych uzyskanych w zwi\u0105zku z podj\u0119ciem wsp\u00f3\u0142pracy ze SMULTRON<\/p>\n\n\n\n<p>Ze swojej strony zapewniamy, i\u017c do\u0142o\u017cyli\u015bmy wszelkich stara\u0144, aby informacje te by\u0142y zgodne z unijnymi i krajowymi przepisami prawa dotycz\u0105cymi ochrony danych osobowych, w szczeg\u00f3lno\u015bci za\u015b aby w pe\u0142ni wpisywa\u0142y si\u0119 w wymogi rozporz\u0105dzenia UE w sprawie ochrony prywatno\u015bci os\u00f3b fizycznych w zakresie przetwarzania danych osobowych i swobodnego przep\u0142ywu tych danych (\u201eOg\u00f3lne rozporz\u0105dzenie o ochronie danych\u201d lub \u201eRODO\u201d)<\/p>\n\n\n\n<h2 class=\"wp-block-heading\">Czego dotyczy niniejsza informacja?<\/h2>\n\n\n\n<p>Informacja dotyczy sposobu, w jaki chronimy i przetwarzamy Twoje dane osobowe.<\/p>\n\n\n\n<p>Prosimy o uwa\u017cne zapoznanie si\u0119 z tre\u015bci\u0105 niniejszego dokumentu.<\/p>\n\n\n\n<h2 class=\"wp-block-heading\">1. Kto jest administratorem Twoich danych osobowych?<\/h2>\n\n\n\n<p>Administratorem Twoich danych osobowych jest Smultron sp. z o.o. z siedzib\u0105 w Krakowie, ul. S\u0142awkowska 12, 31-014 Krak\u00f3w, wpisana do rejestru przedsi\u0119biorc\u00f3w Krajowego Rejestru S\u0105dowego prowadzonego przez S\u0105d Rejonowy dla Krakowa &#8211; \u015ar\u00f3dmie\u015bcia w Krakowie XI Wydzia\u0142 Gospodarczy pod numerem KRS: 0000543616, REGON: 360370011, NIP: 6762482785, o kapitale zak\u0142adowym: 50 000 z\u0142.<\/p>\n\n\n\n<h2 class=\"wp-block-heading\">2. Jakie dane osobowe posiada SMULTRON?<\/h2>\n\n\n\n<p>2.1. SMULTRON mo\u017ce wchodzi\u0107 w posiadanie r\u00f3\u017cnych kategorii danych osobowych Klient\u00f3w, w zale\u017cno\u015bci od cel\u00f3w przetwarzania.<\/p>\n\n\n\n<p>2.2. Zawieraj\u0105c z Tob\u0105 umow\u0119 wymagamy podania imienia i nazwiska (w przypadku os\u00f3b fizycznych) albo oznaczenia Twojego przedsi\u0119biorstwa oraz miejsca zamieszkania albo miejsca, gdzie znajduje si\u0119 siedziba Twojej firmy. Do po\u017c\u0105danych przez nas informacji nale\u017c\u0105 tak\u017ce takie dane osobowe jak NIP. S\u0105 to dane, bez kt\u00f3rych nie mo\u017cemy przyst\u0105pi\u0107 do \u015bwiadczenia us\u0142ug (umowa nie zostanie zawarta). Dodatkowo mo\u017cemy Ci\u0119 poprosi\u0107 r\u00f3wnie\u017c o wskazanie danych kontaktowych takich jak: adres korespondencyjny (do dor\u0119cze\u0144), adres e-mail i numer kontaktowy. Podanie tych danych u\u0142atwi wsp\u00f3\u0142prac\u0119 w zakresie wykonania umowy.<\/p>\n\n\n\n<h2 class=\"wp-block-heading\">3. W jaki spos\u00f3b SMULTRON pozyskuje\/gromadzi Twoje dane osobowe?<\/h2>\n\n\n\n<p>3.1. Dane osobowe przetwarzane przez SMULTRON pozyskiwane s\u0105 bezpo\u015brednio od Ciebie podczas negocjacji, zawarcia umowy oraz w trakcie jej wykonywania.<\/p>\n\n\n\n<p>3.2. SMULTRON mo\u017ce tak\u017ce przetwarza\u0107 dane osobowe uzyskane po\u015brednio, w szczeg\u00f3lno\u015bci:<\/p>\n\n\n\n<p>w zakresie danych osobowych wykorzystywanych w post\u0119powaniach s\u0105dowych, przy rozstrzyganiu spor\u00f3w oraz wymaganych przez organy administracyjne;<br>od bank\u00f3w lub innych instytucji p\u0142atniczych (w zwi\u0105zku z p\u0142atno\u015bciami wynikaj\u0105cymi z umowy) w zakresie informacji o tym, z jakiego konta i w jakiej instytucji dokonano zap\u0142aty.<\/p>\n\n\n\n<h2 class=\"wp-block-heading\">4. W jakim celu i na jakiej podstawie SMULTRON wykorzystuje Twoje dane osobowe?<\/h2>\n\n\n\n<p>4.1. Zgodnie z art. 6 RODO SMULTRON gromadzi dane osobowe tylko wtedy, gdy istnieje wyra\u017ana podstawa prawna do ich przetwarzania. Mog\u0105 zachodzi\u0107 nast\u0119puj\u0105ce przes\u0142anki uzasadniaj\u0105ce gromadzenie danych osobowych:<\/p>\n\n\n\n<p>przetwarzanie jest konieczne do wykonania umowy lub podj\u0119cia czynno\u015bci, o jakie zwr\u00f3ci\u0142 si\u0119 potencjalny klient przed zawarciem umowy (podstawa prawna: wykonanie umowy, art. 6.ust. 1. lit. b) RODO);<br>SMULTRON ma jasny i uzasadniony interes w przetwarzaniu Twoich danych osobowych w zwi\u0105zku z prowadzon\u0105 dzia\u0142alno\u015bci\u0105 z wyj\u0105tkiem sytuacji, w kt\u00f3rych interesy takie podporz\u0105dkowane s\u0105 interesom zwi\u0105zanym z podstawowymi prawami i wolno\u015bciami osoby, kt\u00f3rej dane dotycz\u0105 i wymagaj\u0105cym ochrony (podstawa prawna: prawnie uzasadniony interes, art. 6 ust. 1 lit. f) RODO);<br>przetwarzanie jest konieczne dla wykonania obowi\u0105zku prawnego, kt\u00f3remu podlega SMULTRON (podstawa prawna: wykonanie obowi\u0105zku prawnego, art. 6 ust. 1. lit. c) RODO);<br>przetwarzanie jest konieczne dla ochrony Twoich \u017cywotnych interes\u00f3w (podstawa prawna: art. 6 ust. 1. lit. d) RODO);<br>udzieli\u0142e\u015b wyra\u017anej i dobrowolnej zgod\u0119 na przetwarzanie danych osobowych (podstawa prawna: art. 6 ust. 1. lit. a) RODO).<\/p>\n\n\n\n<p>4.2. Twoje dane osobowe uzyskane przy zawieraniu umowy oraz w trakcie jej trwania SMULTRON wykorzystuje w nast\u0119puj\u0105cych celach:<\/p>\n\n\n\n<p>zawarcia i wykonania umowy &#8211; przez czas trwania umowy oraz po jej zako\u0144czeniu (podstawa prawna: wykonanie umowy, art. 6 ust. 1. lit. b) RODO);<br>wykonania ci\u0105\u017c\u0105cych na SMULTRON obowi\u0105zk\u00f3w prawnych, np. wystawienie i przechowywanie faktur oraz dokument\u00f3w ksi\u0119gowych \u2013 przez okres w kt\u00f3rym wykonujemy obowi\u0105zki prawne oraz przez okres, w kt\u00f3rym przepisy nakazuj\u0105 nam przechowywa\u0107 okre\u015blone dane, np. podatkowe (podstawa prawna: wykonanie obowi\u0105zku prawnego, art. 6 ust. 1. lit. c) lub okres, w kt\u00f3rym mo\u017cemy ponie\u015b\u0107 konsekwencje prawne niewykonania obowi\u0105zku (podstawa prawna: prawnie uzasadniony interes, art. 6 ust. 1 lit. f) RODO);<br>wykrywania nadu\u017cy\u0107 i zapobiegania im \u2013 przez czas trwania umowy (podstawa prawna: wykonanie umowy art. 6 ust. 1. lit. b) RODO), a p\u00f3\u017aniej przez okres, po kt\u00f3rym przedawni\u0105 si\u0119 roszczenia wynikaj\u0105ce z umowy, a w przypadku dochodzenia przez SMULTRON roszcze\u0144 lub zawiadomienia organ\u00f3w \u2013 przez czas trwania takich post\u0119powa\u0144 (podstawa prawna: prawnie uzasadniony interes SMULTRON, art. 6 ust. 1 lit. f) RODO);<br>ustalenia, obrony i dochodzenia roszcze\u0144 \u2013 przez okres, po kt\u00f3rym przedawniaj\u0105 si\u0119 roszczenia wynikaj\u0105ce z umowy (podstawa prawna: prawnie uzasadniony interes SMULTRON, art. 6 ust. 1 lit. f) RODO);<br>tworzenia analiz, statystyk, bada\u0144, ankiet, zestawie\u0144 na potrzeby wewn\u0119trzne SMULTRON oraz na potrzeby klient\u00f3w SMULTRON \u2013 przez czas trwania umowy, a nast\u0119pnie przez okres, po kt\u00f3rym przedawniaj\u0105 si\u0119 roszczenia wynikaj\u0105ce z umowy (podstawa prawna: wykonanie umowy, art. 6 ust. 1. lit. b) RODO) oraz prawnie uzasadniony interes SMULTRON, art. 6 ust. 1 lit. f) RODO);<br>marketingu bezpo\u015bredniego \u2013 (prawnie uzasadniony interes SMULTRON, art. 6 ust. 1 lit. f) RODO).<\/p>\n\n\n\n<h2 class=\"wp-block-heading\">5. Jak d\u0142ugo b\u0119d\u0105 przetwarzane Twoje dane osobowe?<\/h2>\n\n\n\n<p>5.1. SMULTRON b\u0119dzie przechowa\u0107 Twoje dane osobowe tak d\u0142ugo jak d\u0142ugo wymagaj\u0105 tego obowi\u0105zuj\u0105ce przepisy prawa albo przez okres, w kt\u00f3rym niezb\u0119dne jest przetwarzanie danych osobowych dla cel\u00f3w okre\u015blonych w tym dokumencie.<\/p>\n\n\n\n<p>5.2. Po zako\u0144czeniu przetwarzania, dane osobowe i kopie dokument\u00f3w zawieraj\u0105cych te dane zostan\u0105 zanonimizowane lub usuni\u0119te z wszelkich urz\u0105dze\u0144 elektronicznych, natomiast kopie papierowe zostan\u0105 zniszczone.<\/p>\n\n\n\n<h2 class=\"wp-block-heading\">6. Komu zostan\u0105 udost\u0119pnione Twoje dane osobowe?<\/h2>\n\n\n\n<p>6.1. SMULTRON nie udost\u0119pnia Twoich danych osobowych podmiotom trzecim, chyba \u017ce:<\/p>\n\n\n\n<p>dane s\u0105 przetwarzane przez podmiot zewn\u0119trzny na podstawie pisemnej umowy powierzenia danych:<\/p>\n\n\n\n<p>Dane osobowe przekazujemy podmiotom z Nami wsp\u00f3\u0142pracuj\u0105cym i innym zaufanym firmom lub osobom, kt\u00f3re przetwarzaj\u0105 je na potrzeby SMULTRON zgodnie z naszymi instrukcjami i Polityk\u0105 bezpiecze\u0144stwa informacji oraz przy zastosowaniu wszelkich odpowiednich \u015brodk\u00f3w ochrony poufno\u015bci i bezpiecze\u0144stwa informacji; podmiotami przetwarzaj\u0105cymi w naszym imieniu, uczestnicz\u0105cymi w wykonywaniu naszych czynno\u015bci s\u0105 m.in.:<\/p>\n\n\n\n<p>podmioty obs\u0142uguj\u0105ce nasze systemy teleinformatyczne i podmioty udost\u0119pniaj\u0105ce nam narz\u0119dzia do gromadzenia i przechowywania danych osobowych;<br>podwykonawcy wspieraj\u0105cy nas w wykonaniu oferowanych przez nas us\u0142ug i produkt\u00f3w;<br>podmioty po\u015brednicz\u0105ce w sprzeda\u017cy naszych us\u0142ug;<br>podmioty \u015bwiadcz\u0105ce nam us\u0142ugi doradcze, konsultacyjne, audytowe, pomoc prawn\u0105, podatkow\u0105, rachunkow\u0105 oraz inne podmioty dzia\u0142aj\u0105ce na nasze zlecenie;<\/p>\n\n\n\n<p>istniej\u0105 przyczyny prawne:<\/p>\n\n\n\n<p>b\u0119dziemy zobowi\u0105zani do udost\u0119pnienia danych osobowych, je\u015bli b\u0119dzie to wymagane na mocy przepis\u00f3w prawa, w szczeg\u00f3lno\u015bci w zwi\u0105zku z prowadzonymi sporami s\u0105dowymi lub na wniosek organ\u00f3w administracyjnych i rz\u0105dowych &#8211; w zakresie zdefiniowanym przez te organy.<\/p>\n\n\n\n<p>6.2. SMULTRON zapewni, i\u017c przekazanie danych osobowych do pa\u0144stwa trzeciego zlokalizowanego poza Europejskim Obszarem Gospodarczym dokonane b\u0119dzie w zgodno\u015bci z wymogami Rozporz\u0105dzenia o Ochronie Danych Osobowych i z odpowiednim poziomem zabezpiecze\u0144 bezpiecze\u0144stwa informacji. Osoba, kt\u00f3rej dane dotycz\u0105 mo\u017ce w ka\u017cdej chwili za\u017c\u0105da\u0107 uzyskania informacji odno\u015bnie zakresu danych osobowych przetwarzanych przez niniejsze podmioty, a tak\u017ce uzyska\u0107 list\u0119 podmiot\u00f3w, kt\u00f3rym udost\u0119pniono dane osobowe poprzez wys\u0142anie zapytania na adres mailowy: hello@smultron.pl.<\/p>\n\n\n\n<p>6.3. Podmioty zlokalizowane w pa\u0144stwach trzecich zapewni\u0105 ochron\u0119 bezpiecze\u0144stwa danych osobowych na poziomie nie ni\u017cszym ani\u017celi poziom zabezpiecze\u0144 stosowany przez SMULTRON i b\u0119d\u0105 zwi\u0105zane odpowiednimi umowami o zachowaniu poufno\u015bci.<\/p>\n\n\n\n<h2 class=\"wp-block-heading\">7. W jaki spos\u00f3b zapewniamy bezpiecze\u0144stwo Twoich danych osobowych?<\/h2>\n\n\n\n<p>7.1. Dok\u0142adamy wszelkich stara\u0144, aby chroni\u0107 Twoje dane osobowe przed nieuprawnionym dost\u0119pem, nieautoryzowan\u0105 modyfikacj\u0105, ujawnieniem oraz zniszczeniem informacji znajduj\u0105cych si\u0119 w posiadaniu SMULTRON. W szczeg\u00f3lno\u015bci:<\/p>\n\n\n\n<p>kontrolujemy nasze metody gromadzenia, przechowywania i przetwarzania informacji, w tym fizyczne \u015brodki bezpiecze\u0144stwa, aby chroni\u0107 przed nieuprawnionym dost\u0119pem do danych osobowych;<br>dost\u0119pu do Twoich danych osobowych udzielamy jedynie takim podmiotom, kt\u00f3re musz\u0105 mie\u0107 do nich dost\u0119p, aby przetwarza\u0107 je na potrzeby SMULTRON i kt\u00f3re s\u0105 zobowi\u0105zane do zachowania poufno\u015bci.<\/p>\n\n\n\n<h2 class=\"wp-block-heading\">Czy Twoje dane osobowe podlegaj\u0105 zautomatyzowanemu podejmowaniu decyzji, w tym profilowaniu?<\/h2>\n\n\n\n<p>8.1. Twoje dane osobowe NIE podlegaj\u0105 zautomatyzowanemu podejmowaniu decyzji, w tym profilowaniu.<\/p>\n\n\n\n<h2 class=\"wp-block-heading\">9. W jaki spos\u00f3b mo\u017cesz zarz\u0105dza\u0107 swoimi danymi osobowymi? Jakie przys\u0142uguj\u0105 Ci prawa?<\/h2>\n\n\n\n<p>9.1. Powszechnie obowi\u0105zuj\u0105ce przepisy w zakresie ochrony danych osobowych nak\u0142adaj\u0105 na SMULTRON jako administratora danych osobowych wiele obowi\u0105zk\u00f3w w celu umo\u017cliwienia Ci realizacji przys\u0142uguj\u0105cych praw, w tym:<\/p>\n\n\n\n<p>prawa do dost\u0119pu do zebranych przez nas danych, tj. prawa do wiedzy i informacji w zakresie cel\u00f3w, w jakich przetwarzamy Twoje dane osobowe, odbiorc\u00f3w danych osobowych, wiedzy, o tym jakie dane przetwarzamy oraz prawa do uzyskania kopii tych\u017ce danych;<\/p>\n\n\n\n<p>Zale\u017cy nam, aby\u015b mia\u0142 \u0142atwy dost\u0119p do danych osobowych przetwarzanych przez SMULTRON. Dlatego je\u015bli chcesz uzyska\u0107 informacj\u0119 w zakresie przetwarzanych przez nas danych osobowych prosimy o przes\u0142anie pro\u015bby o wgl\u0105d do danych osobowych pod adres e-mail: hello@smultron.pl. W odpowiedzi poinformujemy o zakresie przetwarzanych przez SMULTRON danych osobowych dotycz\u0105cych Twojej osoby.<\/p>\n\n\n\n<p>prawa do sprostowania, tj. poprawienia przetwarzanych przez nas danych osobowych, uzupe\u0142nienia niekompletnych danych lub ich aktualizacji;<\/p>\n\n\n\n<p>Je\u015bli dane osobowe przetwarzane przez SMULTRON s\u0105 nieprawid\u0142owe, niekompletne lub nieaktualne prosimy o kontakt pod adresem: hello@smultron.pl. Postaramy si\u0119 szybko dokona\u0107 odpowiedniej modyfikacji, zaktualizowa\u0107 je lub usun\u0105\u0107 nie\u015bcis\u0142o\u015bci.<\/p>\n\n\n\n<p>prawa do usuni\u0119cia danych (\u201eprawo do bycia zapomnianym\u201d), tj. uprawnienie do \u017c\u0105dania niezw\u0142ocznego usuni\u0119cia danych osobowych przetwarzanych bezpodstawnie.<\/p>\n\n\n\n<p>Zwracamy jednak uwag\u0119, i\u017c nie wszystkie dane dotycz\u0105ce Twojej osoby b\u0119dziemy mogli usun\u0105\u0107. Niekt\u00f3re dane \u2013 ze wzgl\u0119du na uzasadnione cele biznesowe lub prawne &#8211; b\u0119dziemy musieli zachowa\u0107. Ka\u017cdorazowo powiadomimy Ci\u0119 o tym, czy dane osobowe obj\u0119te zg\u0142oszeniem zosta\u0142y usuni\u0119te, a je\u015bli nie &#8211; poinformujemy powodach, dla kt\u00f3rych nie mo\u017cemy uczyni\u0107 zado\u015b\u0107 Twojemu \u017c\u0105daniu.<\/p>\n\n\n\n<p>prawo do ograniczenia ich przetwarzania, tj. czasowego usuni\u0119cia Twoich danych z naszych baz albo wstrzymania jakichkolwiek operacji na Twoich danych osobowych, np. w przypadku gdy zakwestionujesz prawid\u0142owo\u015b\u0107 przetwarzanych przez nas danych (ograniczenie nast\u0119puje na okres sprawdzenia przez SMULTRON prawid\u0142owo\u015bci danych) albo gdy wnios\u0142e\u015b sprzeciw wobec przetwarzania (ograniczenie nast\u0119puje do czasu weryfikacji zasadno\u015bci sprzeciwu);<br>prawo do otrzymania kopii danych oraz prawo do przeniesienia danych do innego administratora.<\/p>\n\n\n\n<h2 class=\"wp-block-heading\">10. Prawo sprzeciwu &#8211; co to takiego?<\/h2>\n\n\n\n<p>10.1. Niezale\u017cnie od uprawnie\u0144 wymienionych w punkcie powy\u017cej niniejszej informacji masz r\u00f3wnie\u017c prawo do wniesienia w dowolnym momencie sprzeciwu wobec przetwarzania Twoich danych na potrzeby marketingu bezpo\u015bredniego. Po przyj\u0119ciu zg\u0142oszenia w tej sprawie przes\u0142anego pod adres e-mail: hello@smultron.plnie b\u0119dziemy wykorzystywa\u0107 Twoich danych osobowych w celu marketingu bezpo\u015bredniego.<\/p>\n\n\n\n<p>10.2. W szczeg\u00f3lnych sytuacjach mo\u017cesz w dowolnym momencie wnie\u015b\u0107 sprzeciw wobec przetwarzania Twoich danych osobowych, je\u015bli podstaw\u0105 wykorzystywania danych jest prawnie uzasadniony interes SMULTRON lub interes publiczny. W takim wypadku, po rozpatrzeniu Twojego wniosku nie b\u0119dziemy ju\u017c mogli przetwarza\u0107 danych obj\u0119tych sprzeciwem na tej podstawie, chyba, \u017ce wyka\u017cemy, i\u017c istniej\u0105:<\/p>\n\n\n\n<p>wa\u017cne prawnie uzasadnione podstawy do przetwarzania danych, kt\u00f3re uznaje si\u0119 za nadrz\u0119dne wobec Twoich interes\u00f3w, praw i wolno\u015bci lub<br>podstawy do ustalenia, dochodzenia i obrony roszcze\u0144.<\/p>\n\n\n\n<h2 class=\"wp-block-heading\">11. ZGODA \u2013 jako podstawa przetwarzania danych osobowych<\/h2>\n\n\n\n<p>W przypadku gdy przetwarzanie Twoich danych osobowych nie wi\u0105\u017ce si\u0119 z wykonaniem umowy, realizacj\u0105 obowi\u0105zku prawnego lub nie stanowi naszego prawnie uzasadnionego interesu, SMULTRON mo\u017ce poprosi\u0107 o udzielenie zgody na okre\u015blone sposoby wykorzystania Twoich danych osobowych. Tak\u0105 zgod\u0119 mo\u017cesz w ka\u017cdej chwili wycofa\u0107 przesy\u0142aj\u0105c do nas stosowne zg\u0142oszenie. Jednak\u017ce wycofanie zgody nie wp\u0142ywa na zgodno\u015b\u0107 z prawem przetwarzania, kt\u00f3rego dokonano na podstawie zgody przed jej wycofaniem.<\/p>\n\n\n\n<h2 class=\"wp-block-heading\">12. SKARGA<\/h2>\n\n\n\n<p>Mo\u017cesz r\u00f3wnie\u017c skorzysta\u0107 z uprawnienia do wniesienia skargi w sprawie wykorzystywania przez nas danych osobowych. Aby to zrobi\u0107, nale\u017cy przes\u0142a\u0107 wiadomo\u015b\u0107 e-mail wraz ze szczeg\u00f3\u0142owymi informacjami dotycz\u0105cymi skargi na adres hello@smultron.pl. Niezw\u0142ocznie rozpatrzymy Twoj\u0105 skarg\u0119 i udzielimy odpowiedzi. Osoby fizyczne maj\u0105 r\u00f3wnie\u017c prawo wniesienia skargi do Prezesa Urz\u0119du Ochrony Danych Osobowych. Wi\u0119cej informacji na temat praw os\u00f3b oraz sposobu wniesienia skargi do Urz\u0119du Ochrony Danych Osobowych, szczeg\u00f3\u0142owe informacje dot. wniesienia skargi mo\u017cna uzyska\u0107 pod adresem www.uodo.gov.pl.<\/p>\n\n\n\n<h2 class=\"wp-block-heading\">13. W jaki spos\u00f3b skontaktowa\u0107 si\u0119 z SMULTRON?<\/h2>\n\n\n\n<p>W celu uzyskania szerszych informacji w zakresie sposobu przetwarzania i korzystania z danych osobowych przez SMULTRON zapraszamy do odwiedzenia strony internetowej smultron.software oraz do kontaktu za po\u015brednictwem poczty elektronicznej hello@smultron.pl lub formularza kontaktowego znajduj\u0105cego si\u0119 na stronie internetowej.<\/p>\n\n\n\n<hr class=\"wp-block-separator has-alpha-channel-opacity\"\/>\n\n\n\n<p>Smultron sp. z o.o. przys\u0142uguje wy\u0142\u0105czne prawo do korzystania z niniejszego dokumentu i rozporz\u0105dzania nim. Wykorzystanie opublikowanych tutaj tre\u015bci, w szczeg\u00f3lno\u015bci kopiowanie i rozpowszechnianie bez zgody Smultron lub innej podstawy<\/p>\n\n\n\n<p>Na stronie www.smultron.sofware zastosowana zosta\u0142a reCAPTCHA v3<\/p>\n\n\n\n<p><\/p>\n\n\n\n<p><\/p>\n<div class=\"full-width container-grid gap-y-[32px] section-scrollspy  bg-gray-1 pt-[60px] desktop:pt-[120px] pb-[60px] desktop:pb-[120px]\"\n\tid=\"skontaktuj-sie\">\n\t<div class=\"hm2 desktop:h2\"\n\t\tdata-aos=\"animate__fadeInUp\"\n\t>\n\t\tSkontaktuj si\u0119 z nami\t<\/div>\n\t<div class=\"grid desktop:grid-cols-12 gap-y-[60px] items-start\">\n\t\t\n<div class=\"desktop:col-span-6 grid tablet:grid-cols-2\n\t\ttablet:gap-x-[24px] tablet:gap-y-[32px]\">\n\t<div class=\"\">\n\t\t<div class=\"\">\n\t\t\t<img decoding=\"async\" data-src=\"https:\/\/smultron.software\/content\/uploads\/2024\/01\/681c046dafbd67a84a6a2820a207caa9-e1706629988730-768x515.jpeg\"\n\t\t\t\twidth=\"327\"\n\t\t\t\theight=\"204\"\n\t\t\t\tclass=\"w-full aspect-[390\/243] object-cover rounded-t-[10px] lazyload\"\n\t\t\t\talt=\"Marcin Stawowiak\"\n\t\t\t\tdata-aos=\"animate__fadeInUp\"\n\t\t\t src=\"data:image\/svg+xml;base64,PHN2ZyB3aWR0aD0iMSIgaGVpZ2h0PSIxIiB4bWxucz0iaHR0cDovL3d3dy53My5vcmcvMjAwMC9zdmciPjwvc3ZnPg==\" style=\"--smush-placeholder-width: 327px; --smush-placeholder-aspect-ratio: 327\/204;\" \/>\n\t\t\t<div class=\"p-[24px] tablet:border-l-[1px] tablet:border-b-[1px]\n\t\t\tborder-gray-2 tablet:rounded-bl-[10px] max-tablet:border-x-[1px]\n\t\t\tgrid gap-[16px]\">\n\t\t\t\t<div class=\"h6\"\n\t\t\t\t\tdata-aos=\"animate__fadeInUp\"\n\t\t\t\t>Marcin Stawowiak<\/div>\n\t\t\t\t<div class=\"label-xs font-bold\"\n\t\t\t\t\tdata-aos=\"animate__fadeInUp\"\n\t\t\t\t>\n\t\t\t\t\tCo-founder, Executive Manager\t\t\t\t<\/div>\n\t\t\t<\/div>\n\t\t<\/div>\n\t<\/div>\n\t<div class=\"pl-[24px] pb-[24px] pr-[24px] tablet:ml-[-24px]\n\t\t\ttablet:pt-[24px] grid gap-[16px] tablet:self-end tablet:border-[1px] tablet:border-l-0\n\t\t\tborder-gray-2 tablet:rounded-r-[10px] max-tablet:border-x-[1px]\n\t\t\tmax-tablet:border-b-[1px] max-tablet:rounded-b-[10px]\n\t\t\tgap-y-[60px]\">\n\t\t<div class=\"label-md max-tablet:hidden\" data-aos=\"animate__fadeInUp\">\n\t\t\tSzukasz do\u015bwiadczonego zespo\u0142u programistycznego? <br \/>Porozmawiajmy o konkretach.\t\t<\/div>\n\t\t<div class=\"grid body-md\" data-aos=\"animate__fadeInUp\">\n\t\t\t<a href=\"mailto:hello@smultron.pl\">hello@smultron.pl<\/a>\n\t\t\t<a href=\"tel:+48 791 991 797\">+48 791 991 797<\/a>\n\t\t<\/div>\n\t<\/div>\n\t<div class=\"tablet:col-span-2 body-md grid gap-[16px] mt-[32px]\n\ttablet:mt-0\" data-aos=\"animate__fadeInUp\">\n\t\t<div class=\"label-md\">\n\t\t\tSmultron Web Development\t\t<\/div>\n\t\t<div class=\"\">\n\t\t\tul. S\u0142awkowska 12\t\t\t<br\/>\n\t\t\t31-014 Krak\u00f3w\t\t<\/div>\n\t\t<div>\n\t\t\tNIP:&nbsp;6762482785\t\t<\/div>\n\t<\/div>\n<\/div>\n\t\t\n<div class=\"desktop:col-start-8 desktop:col-span-5 contact-form-footer\">\n\t\n<div class=\"wpcf7 no-js\" id=\"wpcf7-f224-o1\" lang=\"en-US\" dir=\"ltr\" data-wpcf7-id=\"224\">\n<div class=\"screen-reader-response\"><p role=\"status\" aria-live=\"polite\" aria-atomic=\"true\"><\/p> <ul><\/ul><\/div>\n<form action=\"\/pl\/wp-json\/wp\/v2\/pages\/1071#wpcf7-f224-o1\" method=\"post\" class=\"wpcf7-form init wpcf7-acceptance-as-validation\" aria-label=\"Contact form\" novalidate=\"novalidate\" data-status=\"init\">\n<fieldset class=\"hidden-fields-container\"><input type=\"hidden\" name=\"_wpcf7\" value=\"224\" \/><input type=\"hidden\" name=\"_wpcf7_version\" value=\"6.1.5\" \/><input type=\"hidden\" name=\"_wpcf7_locale\" value=\"en_US\" \/><input type=\"hidden\" name=\"_wpcf7_unit_tag\" value=\"wpcf7-f224-o1\" \/><input type=\"hidden\" name=\"_wpcf7_container_post\" value=\"0\" \/><input type=\"hidden\" name=\"_wpcf7_posted_data_hash\" value=\"\" \/>\n<\/fieldset>\n<div class=\"desktop:col-start-8 desktop:col-span-5\">\n  <div class=\"grid gap-[32px]\">\n    <div class=\"label-md\">\n\t\t\tWype\u0142nij poni\u017cszy formularz\n    <\/div>\n    <div class=\"grid gap-[24px]\">\n      <div class=\"form-row\">\n        <label class=\"label-xs\" for=\"msg-email\">Tw\u00f3j e-mail*<\/label>\n        <span class=\"wpcf7-form-control-wrap\" data-name=\"email\"><input size=\"40\" maxlength=\"400\" class=\"wpcf7-form-control wpcf7-email wpcf7-validates-as-required wpcf7-text wpcf7-validates-as-email form-control\" id=\"msg-email\" aria-required=\"true\" aria-invalid=\"false\" value=\"\" type=\"email\" name=\"email\" \/><\/span>\n      <\/div>\n      <div class=\"form-row\">\n        <label class=\"label-xs\" for=\"msg-content\">Twoja wiadomo\u015b\u0107*<\/label>\n        <span class=\"wpcf7-form-control-wrap\" data-name=\"message\"><textarea cols=\"40\" rows=\"10\" maxlength=\"2500\" class=\"wpcf7-form-control wpcf7-textarea wpcf7-validates-as-required form-control form-control-textarea\" id=\"msg-content\" aria-required=\"true\" aria-invalid=\"false\" placeholder=\"Podziel si\u0119 szczeg\u00f3\u0142ami swojego projektu\" name=\"message\"><\/textarea><\/span>\n        <div class=\"form-text\">\n          Max. 2500 znak\u00f3w\n        <\/div>\n      <\/div>\n      <div class=\"form-row label-sm\">\n<span class=\"wpcf7-form-control-wrap\" data-name=\"acceptance-69\"><span class=\"wpcf7-form-control wpcf7-acceptance\"><span class=\"wpcf7-list-item\"><label><input type=\"checkbox\" name=\"acceptance-69\" value=\"1\" aria-invalid=\"false\" \/><span class=\"wpcf7-list-item-label\"><span><\/span><span>Zapozna\u0142em si\u0119 i akceptuj\u0119 <a href=\"\/pl\/polityka-prywatnosci\/\" class=\"underline\" target=\"_blank\" rel=\"nofollow\">Regulamin i Polityk\u0119 Prywatno\u015bci Smultron<\/a>.*<\/span><\/span><\/label><\/span><\/span><\/span>\n      <\/div>\n      <div>\n        <button type=\"submit\" class=\"button button--gradient-red\n                button--with-icon\">\n                    <span>Wy\u015blij<\/span>\n                    <span class=\"icon-arrow-right\"><\/span>\n                <\/button>\n      <\/div>\n    <\/div>\n  <\/div>\n<\/div><div class=\"wpcf7-response-output\" aria-hidden=\"true\"><\/div>\n<\/form>\n<\/div>\n\t<div class=\"contact-form-footer__success flex bg-green-2\n\t\t\t\t\t\tborder-green-3 p-[16px] gap-[16px] rounded-[8px]\n\t\t\t\t\t\tmt-[30px]\">\n\t\t<svg xmlns=\"http:\/\/www.w3.org\/2000\/svg\" width=\"24\" height=\"24\"\n\t\t\tviewBox=\"0 0 24 24\" fill=\"none\">\n\t\t\t<path d=\"M12 2C17.51 2 22 6.49 22 12C22 17.51 17.51 22 12 22C6.49 22 2 17.51 2 12C2 6.49 6.49 2 12 2ZM12 0C5.37 0 0 5.37 0 12C0 18.63 5.37 24 12 24C18.63 24 24 18.63 24 12C24 5.37 18.63 0 12 0ZM18.25 8.89L16.83 7.48L10.73 13.7L7.65 10.76L6.25 12.2L10.75 16.52L18.25 8.89Z\"\n\t\t\t\t\tfill=\"#104121\"><\/path>\n\t\t<\/svg>\n\t\t<div class=\"body-md text-green-4\">\n\t\t\t<strong>Dzi\u0119kujemy za przes\u0142anie formularza!<\/strong> Odpowiemy w ci\u0105gu 24 godzin.\t\t<\/div>\n\t<\/div>\n<\/div>\n\n\t<\/div>\n<\/div>\n","protected":false},"excerpt":{"rendered":"<p>Polityka prywatno\u015bci Wprowadzenie W \u015bwietle przepis\u00f3w dotycz\u0105cych ochrony danych osobowych firma: SMULTRON sp. z o.o. z siedzib\u0105 w Krakowie (dalej: SMULTRON) jest administratorem Twoich danych osobowych. Oznacza to, i\u017c wszelkie Twoje dane osobowe uzyskane w zwi\u0105zku z zawarciem umowy lub w trakcie jej trwania winny by\u0107 przez nas wykorzystane w spos\u00f3b bezpieczny, zgodny z umow\u0105 [&hellip;]<\/p>\n","protected":false},"author":1,"featured_media":0,"parent":0,"menu_order":0,"comment_status":"closed","ping_status":"open","template":"template-plain-text.php","meta":{"_acf_changed":false,"inline_featured_image":false,"footnotes":""},"class_list":["post-1071","page","type-page","status-publish","hentry"],"acf":[],"_links":{"self":[{"href":"https:\/\/smultron.software\/pl\/wp-json\/wp\/v2\/pages\/1071","targetHints":{"allow":["GET"]}}],"collection":[{"href":"https:\/\/smultron.software\/pl\/wp-json\/wp\/v2\/pages"}],"about":[{"href":"https:\/\/smultron.software\/pl\/wp-json\/wp\/v2\/types\/page"}],"author":[{"embeddable":true,"href":"https:\/\/smultron.software\/pl\/wp-json\/wp\/v2\/users\/1"}],"replies":[{"embeddable":true,"href":"https:\/\/smultron.software\/pl\/wp-json\/wp\/v2\/comments?post=1071"}],"version-history":[{"count":0,"href":"https:\/\/smultron.software\/pl\/wp-json\/wp\/v2\/pages\/1071\/revisions"}],"wp:attachment":[{"href":"https:\/\/smultron.software\/pl\/wp-json\/wp\/v2\/media?parent=1071"}],"curies":[{"name":"wp","href":"https:\/\/api.w.org\/{rel}","templated":true}]}}